{"id":19,"date":"2024-10-06T23:59:21","date_gmt":"2024-10-06T23:59:21","guid":{"rendered":"https:\/\/muhendislik.pirireis.edu.tr\/en\/?page_id=19"},"modified":"2025-04-23T11:11:31","modified_gmt":"2025-04-23T11:11:31","slug":"internationalization","status":"publish","type":"page","link":"https:\/\/muhendislik.pirireis.edu.tr\/en\/about-us\/internationalization\/","title":{"rendered":"Internationalization"},"content":{"rendered":"<p>With domestic and international internship opportunities, Erasmus student exchange opportunities are also effectively implemented. To date, bilateral cooperation agreements covering student and staff exchange have been signed with some European Higher Education Institutions within the framework of the Erasmus program. These schools are as follows:<br \/>\n<\/p>\n<table>\n<thead>\n<tr>\n<td colspan=\"8\">P\u00ceR\u00ce RE\u0130S UNIVERSITY FACULTY OF ENGINEERING ERASMUS AGREEMENTS<\/td>\n<\/tr>\n<\/thead>\n<tbody>\n<tr>\n<td colspan=\"2\">Partner University:<\/td>\n<td>Agreement Type:<\/td>\n<td>Agreement Duration:<\/td>\n<td>Language Requirement:<\/td>\n<td>Student Quota:<\/td>\n<td>Personnel Quota:<\/td>\n<td>Possible Departments:<\/td>\n<\/tr>\n<tr>\n<td colspan=\"2\">Technical University of Varna (Bulgaria)<\/td>\n<td>Erasmus+ Student and Staff Mobility<\/td>\n<td>2024 \/ 2029<\/td>\n<td>English B2<\/td>\n<td>2<\/td>\n<td>4<\/td>\n<td>Computer Engineering,<br \/>\nElectrical and Electronics Engineering,<br \/>\nNaval Architecture and Marine Engineering<\/td>\n<\/tr>\n<tr>\n<td colspan=\"2\">University of Ruse Angle Kanchev (Bulgaria)<\/td>\n<td>Erasmus+ Student and Staff Mobility<\/td>\n<td>2024 \/ 2029<\/td>\n<td>English B1<\/td>\n<td>8<\/td>\n<td>16<\/td>\n<td>Electrical and Electronics Engineering (2),<br \/>\nIndustrial Engineering (2),<br \/>\nNaval Architecture and Marine Engineering (2),<br \/>\nMechanical Engineering (2)<\/td>\n<\/tr>\n<tr>\n<td colspan=\"2\">Universita Degli Studi Di Genova (Italy)<\/td>\n<td>Erasmus+ Student and Staff Mobility<\/td>\n<td>2024 \/ 2028<\/td>\n<td>English B1,<br \/>\nItalian B1<\/td>\n<td>2<\/td>\n<td>1<\/td>\n<td>Naval Architecture and Marine Engineering<\/td>\n<\/tr>\n<tr>\n<td colspan=\"2\">West Pomeranian University of Technology (Poland)<\/td>\n<td>Erasmus+ Student and Staff Mobility<\/td>\n<td>2022 \/ 2029<\/td>\n<td>English B1<\/td>\n<td>9<\/td>\n<td>4<\/td>\n<td>Computer Engineering,<br \/>\nElectrical and Electronics Engineering,<br \/>\nIndustrial Engineering,<br \/>\nNaval Architecture and Marine Engineering,<br \/>\nMechanical Engineering<\/td>\n<\/tr>\n<\/tbody>\n<\/table>\n<style>\ntd {\nborder: 1px solid black;\npadding: 5px;\n}\nthead {\ntext-align: center;\nfont-weight: bold;\n}\n<\/style>\n","protected":false},"excerpt":{"rendered":"<p>With domestic and international internship opportunities, Erasmus student exchange opportunities are also effectively implemented. To date, bilateral cooperation agreements covering student and staff exchange have been signed with some European Higher Education Institutions within the framework of the Erasmus program. These schools are as follows: P\u00ceR\u00ce RE\u0130S UNIVERSITY FACULTY OF ENGINEERING ERASMUS AGREEMENTS Partner University: [&hellip;]<\/p>\n","protected":false},"author":1,"featured_media":0,"parent":7,"menu_order":0,"comment_status":"closed","ping_status":"closed","template":"page-internationalization.php","meta":{"_acf_changed":false,"footnotes":""},"class_list":["post-19","page","type-page","status-publish","hentry"],"acf":[],"_links":{"self":[{"href":"https:\/\/muhendislik.pirireis.edu.tr\/en\/wp-json\/wp\/v2\/pages\/19","targetHints":{"allow":["GET"]}}],"collection":[{"href":"https:\/\/muhendislik.pirireis.edu.tr\/en\/wp-json\/wp\/v2\/pages"}],"about":[{"href":"https:\/\/muhendislik.pirireis.edu.tr\/en\/wp-json\/wp\/v2\/types\/page"}],"author":[{"embeddable":true,"href":"https:\/\/muhendislik.pirireis.edu.tr\/en\/wp-json\/wp\/v2\/users\/1"}],"replies":[{"embeddable":true,"href":"https:\/\/muhendislik.pirireis.edu.tr\/en\/wp-json\/wp\/v2\/comments?post=19"}],"version-history":[{"count":8,"href":"https:\/\/muhendislik.pirireis.edu.tr\/en\/wp-json\/wp\/v2\/pages\/19\/revisions"}],"predecessor-version":[{"id":784,"href":"https:\/\/muhendislik.pirireis.edu.tr\/en\/wp-json\/wp\/v2\/pages\/19\/revisions\/784"}],"up":[{"embeddable":true,"href":"https:\/\/muhendislik.pirireis.edu.tr\/en\/wp-json\/wp\/v2\/pages\/7"}],"wp:attachment":[{"href":"https:\/\/muhendislik.pirireis.edu.tr\/en\/wp-json\/wp\/v2\/media?parent=19"}],"curies":[{"name":"wp","href":"https:\/\/api.w.org\/{rel}","templated":true}]}}