{"id":21,"date":"2024-10-06T23:59:35","date_gmt":"2024-10-06T23:59:35","guid":{"rendered":"https:\/\/muhendislik.pirireis.edu.tr\/en\/?page_id=21"},"modified":"2025-12-17T10:41:30","modified_gmt":"2025-12-17T10:41:30","slug":"quality","status":"publish","type":"page","link":"https:\/\/muhendislik.pirireis.edu.tr\/en\/about-us\/quality\/","title":{"rendered":"Quality"},"content":{"rendered":"<p>At Piri Reis University, engineering education is conducted by a highly esteemed, strong, distinguished, and competent academic staff recognized both nationally and internationally. With this academic staff and modern infrastructure, the PRU Faculty of Engineering, which graduated its first students in the 2013-2014 academic year, continues to provide high-quality and contemporary education.<\/p>\n<p>With a student-centered approach that offers students the freedom of choice, an open-minded attitude that fosters creativity, a support system that encourages responsibility, and a strong commitment to natural life, the environment, human values, and ethical principles, the faculty aims to train engineers who are intellectually free, conscientious, and knowledgeable\u2014engineers who are preferred in every environment.<\/p>\n<p>The faculty continues its efforts with increasing enthusiasm to achieve this goal through its technical and scientific components.<\/p>\n<p><strong>FACULTY OF ENGINEERING QUALITY COMMITTEE<\/strong><\/p>\n<p><strong>Chair:<\/strong> Prof. Dr. \u0130smail Hakk\u0131 HELVACIO\u011eLU (Dean)<br \/>\n<strong>Vice Chair:<\/strong> Assoc. Dr. Levent ER\u0130\u015eK\u0130N (University Quality Commission Member)<br \/>\n<strong>Member:<\/strong> Prof. Dr. M\u00fcbariz HASANLI<br \/>\n<strong>Member:<\/strong> Prof. Dr. Selim S\u0130VR\u0130O\u011eLU<br \/>\n<strong>Member:<\/strong> Prof. Dr. Y\u0131ld\u0131ray YALMAN<br \/>\n<strong>Member:<\/strong> Dr. Lecturer <span data-olk-copy-source=\"MessageBody\">Engin G\u00dcLER<\/span><br \/>\n<strong>Member:<\/strong> Dr. Lecturer Ahmet Turan HOCAO\u011eLU<br \/>\n<strong>Reporter:<\/strong> Didem G\u00dcNER (Faculty Secretary)<br \/>\n<strong>Student Representative:<\/strong> Alper Ozan T\u00dcRKDO\u011eAN<\/p>\n","protected":false},"excerpt":{"rendered":"<p>At Piri Reis University, engineering education is conducted by a highly esteemed, strong, distinguished, and competent academic staff recognized both nationally and internationally. With this academic staff and modern infrastructure, the PRU Faculty of Engineering, which graduated its first students in the 2013-2014 academic year, continues to provide high-quality and contemporary education. With a student-centered [&hellip;]<\/p>\n","protected":false},"author":1,"featured_media":0,"parent":7,"menu_order":0,"comment_status":"closed","ping_status":"closed","template":"page-quality.php","meta":{"_acf_changed":false,"footnotes":""},"class_list":["post-21","page","type-page","status-publish","hentry"],"acf":[],"_links":{"self":[{"href":"https:\/\/muhendislik.pirireis.edu.tr\/en\/wp-json\/wp\/v2\/pages\/21","targetHints":{"allow":["GET"]}}],"collection":[{"href":"https:\/\/muhendislik.pirireis.edu.tr\/en\/wp-json\/wp\/v2\/pages"}],"about":[{"href":"https:\/\/muhendislik.pirireis.edu.tr\/en\/wp-json\/wp\/v2\/types\/page"}],"author":[{"embeddable":true,"href":"https:\/\/muhendislik.pirireis.edu.tr\/en\/wp-json\/wp\/v2\/users\/1"}],"replies":[{"embeddable":true,"href":"https:\/\/muhendislik.pirireis.edu.tr\/en\/wp-json\/wp\/v2\/comments?post=21"}],"version-history":[{"count":7,"href":"https:\/\/muhendislik.pirireis.edu.tr\/en\/wp-json\/wp\/v2\/pages\/21\/revisions"}],"predecessor-version":[{"id":899,"href":"https:\/\/muhendislik.pirireis.edu.tr\/en\/wp-json\/wp\/v2\/pages\/21\/revisions\/899"}],"up":[{"embeddable":true,"href":"https:\/\/muhendislik.pirireis.edu.tr\/en\/wp-json\/wp\/v2\/pages\/7"}],"wp:attachment":[{"href":"https:\/\/muhendislik.pirireis.edu.tr\/en\/wp-json\/wp\/v2\/media?parent=21"}],"curies":[{"name":"wp","href":"https:\/\/api.w.org\/{rel}","templated":true}]}}